{"id":7113,"date":"2021-09-18T10:43:51","date_gmt":"2021-09-18T03:43:51","guid":{"rendered":"https:\/\/tinviet.truyenthongdps.com\/tinviet\/?page_id=7113"},"modified":"2023-02-08T11:59:41","modified_gmt":"2023-02-08T04:59:41","slug":"7113-2","status":"publish","type":"page","link":"https:\/\/tinvietcosmetic.com\/vi\/7113-2\/","title":{"rendered":"BOM"},"content":{"rendered":"<h2 style=\"text-align: center;\"><strong>B.O.M &#8211; BEAUTY OF MAJESTY<\/strong><\/h2>\n<p><img loading=\"lazy\" decoding=\"async\" class=\"aligncenter wp-image-7114 size-full\" src=\"https:\/\/tinvietcosmetic.com\/wp-content\/uploads\/2021\/09\/44068021_2278001149098569_6711735390480367616_o_6abadab8e20d4d17ab596291813b16a7_master.jpg\" alt=\"\" width=\"1848\" height=\"1230\" srcset=\"https:\/\/tinvietcosmetic.com\/wp-content\/uploads\/2021\/09\/44068021_2278001149098569_6711735390480367616_o_6abadab8e20d4d17ab596291813b16a7_master.jpg 1848w, https:\/\/tinvietcosmetic.com\/wp-content\/uploads\/2021\/09\/44068021_2278001149098569_6711735390480367616_o_6abadab8e20d4d17ab596291813b16a7_master-300x200.jpg 300w, https:\/\/tinvietcosmetic.com\/wp-content\/uploads\/2021\/09\/44068021_2278001149098569_6711735390480367616_o_6abadab8e20d4d17ab596291813b16a7_master-1024x682.jpg 1024w, https:\/\/tinvietcosmetic.com\/wp-content\/uploads\/2021\/09\/44068021_2278001149098569_6711735390480367616_o_6abadab8e20d4d17ab596291813b16a7_master-768x511.jpg 768w, https:\/\/tinvietcosmetic.com\/wp-content\/uploads\/2021\/09\/44068021_2278001149098569_6711735390480367616_o_6abadab8e20d4d17ab596291813b16a7_master-1536x1022.jpg 1536w, https:\/\/tinvietcosmetic.com\/wp-content\/uploads\/2021\/09\/44068021_2278001149098569_6711735390480367616_o_6abadab8e20d4d17ab596291813b16a7_master-900x599.jpg 900w, https:\/\/tinvietcosmetic.com\/wp-content\/uploads\/2021\/09\/44068021_2278001149098569_6711735390480367616_o_6abadab8e20d4d17ab596291813b16a7_master-600x399.jpg 600w\" sizes=\"auto, (max-width: 1848px) 100vw, 1848px\" \/><\/p>\n<p>H\u00e0n Qu\u1ed1c n\u1ed5i ti\u1ebfng l\u00e0 m\u1ed9t qu\u1ed1c gia d\u1eabn \u0111\u1ea7u xu h\u01b0\u1edbng l\u00e0m \u0111\u1eb9p. M\u1ef9 ph\u1ea9m H\u00e0n Qu\u1ed1c c\u00f3 h\u01b0\u01a1ng v\u1ecb \u0111\u1ed9c \u0111\u00e1o v\u00e0 cho ph\u00e9p ph\u1ee5 n\u1eef ch\u1ecdn m\u1ed9t ch\u1eef k\u00fd \u0111\u1ed9c \u0111\u00e1o.<\/p>\n<p>S\u1ee9 m\u1ec7nh c\u1ee7a BOM l\u00e0 mang \u0111\u1ebfn v\u1ebb \u0111\u1eb9p cho ph\u1ee5 n\u1eef \u2013 xu\u1ea5t ph\u00e1t t\u1eeb ni\u1ec1m t\u1ef1 h\u00e0o v\u1edbi v\u1ebb ngo\u00e0i \u0111\u1ea7y m\u00e0u s\u1eafc v\u00e0 s\u1ef1 t\u1ef1 tin: bi\u1ebft c\u00e1ch trang \u0111i\u1ec3m, ch\u0103m s\u00f3c v\u00e0 nu\u00f4i d\u01b0\u1ee1ng v\u1ebb \u0111\u1eb9p m\u00e0 thi\u00ean nhi\u00ean ban t\u1eb7ng ph\u1ee5 n\u1eef.<\/p>\n<p><img loading=\"lazy\" decoding=\"async\" class=\"aligncenter wp-image-7115 size-full\" src=\"https:\/\/tinvietcosmetic.com\/wp-content\/uploads\/2021\/09\/collage_3d34fca9da6b4bf4ab446e8478d071dc_master.png\" alt=\"\" width=\"1200\" height=\"900\" srcset=\"https:\/\/tinvietcosmetic.com\/wp-content\/uploads\/2021\/09\/collage_3d34fca9da6b4bf4ab446e8478d071dc_master.png 1200w, https:\/\/tinvietcosmetic.com\/wp-content\/uploads\/2021\/09\/collage_3d34fca9da6b4bf4ab446e8478d071dc_master-300x225.png 300w, https:\/\/tinvietcosmetic.com\/wp-content\/uploads\/2021\/09\/collage_3d34fca9da6b4bf4ab446e8478d071dc_master-1024x768.png 1024w, https:\/\/tinvietcosmetic.com\/wp-content\/uploads\/2021\/09\/collage_3d34fca9da6b4bf4ab446e8478d071dc_master-768x576.png 768w, https:\/\/tinvietcosmetic.com\/wp-content\/uploads\/2021\/09\/collage_3d34fca9da6b4bf4ab446e8478d071dc_master-900x675.png 900w, https:\/\/tinvietcosmetic.com\/wp-content\/uploads\/2021\/09\/collage_3d34fca9da6b4bf4ab446e8478d071dc_master-600x450.png 600w\" sizes=\"auto, (max-width: 1200px) 100vw, 1200px\" \/>\u0110\u1ebfn v\u1edbi Vi\u1ec7t Nam, t\u1ea5t c\u1ea3 c\u00e1c s\u1ea3n ph\u1ea9m c\u1ee7a BOM Cosmetic Vi\u1ec7t Nam \u0111\u1ec1u l\u00e0 s\u1ea3n ph\u1ea9m ch\u00ednh h\u00e3ng c\u00f3 ch\u1ee9ng nh\u1eadn c\u00f4ng b\u1ed1 m\u1ef9 ph\u1ea9m c\u1ee7a B\u1ed9 Y t\u1ebf, cam k\u1ebft ch\u1ea5t l\u01b0\u1ee3ng, an to\u00e0n v\u00e0 uy t\u00edn v\u1edbi gi\u00e1 c\u1ea3 ph\u1ea3i ch\u0103ng.<\/p>\n<p><img loading=\"lazy\" decoding=\"async\" class=\"alignnone wp-image-7242 size-full\" src=\"https:\/\/tinvietcosmetic.com\/wp-content\/uploads\/2023\/02\/BOM-net-sale-in-USD-2.jpg\" alt=\"\" width=\"986\" height=\"499\" srcset=\"https:\/\/tinvietcosmetic.com\/wp-content\/uploads\/2023\/02\/BOM-net-sale-in-USD-2.jpg 986w, https:\/\/tinvietcosmetic.com\/wp-content\/uploads\/2023\/02\/BOM-net-sale-in-USD-2-300x152.jpg 300w, https:\/\/tinvietcosmetic.com\/wp-content\/uploads\/2023\/02\/BOM-net-sale-in-USD-2-768x389.jpg 768w, https:\/\/tinvietcosmetic.com\/wp-content\/uploads\/2023\/02\/BOM-net-sale-in-USD-2-18x9.jpg 18w, https:\/\/tinvietcosmetic.com\/wp-content\/uploads\/2023\/02\/BOM-net-sale-in-USD-2-900x455.jpg 900w, https:\/\/tinvietcosmetic.com\/wp-content\/uploads\/2023\/02\/BOM-net-sale-in-USD-2-600x304.jpg 600w\" sizes=\"auto, (max-width: 986px) 100vw, 986px\" \/><\/p>\n<p><img loading=\"lazy\" decoding=\"async\" class=\"wp-image-7243  aligncenter\" src=\"https:\/\/tinvietcosmetic.com\/wp-content\/uploads\/2023\/02\/BOM-SKIN-in-Net-Sale-1.jpg\" alt=\"\" width=\"633\" height=\"321\" srcset=\"https:\/\/tinvietcosmetic.com\/wp-content\/uploads\/2023\/02\/BOM-SKIN-in-Net-Sale-1.jpg 989w, https:\/\/tinvietcosmetic.com\/wp-content\/uploads\/2023\/02\/BOM-SKIN-in-Net-Sale-1-300x152.jpg 300w, https:\/\/tinvietcosmetic.com\/wp-content\/uploads\/2023\/02\/BOM-SKIN-in-Net-Sale-1-768x389.jpg 768w, https:\/\/tinvietcosmetic.com\/wp-content\/uploads\/2023\/02\/BOM-SKIN-in-Net-Sale-1-18x9.jpg 18w, https:\/\/tinvietcosmetic.com\/wp-content\/uploads\/2023\/02\/BOM-SKIN-in-Net-Sale-1-900x456.jpg 900w, https:\/\/tinvietcosmetic.com\/wp-content\/uploads\/2023\/02\/BOM-SKIN-in-Net-Sale-1-600x304.jpg 600w\" sizes=\"auto, (max-width: 633px) 100vw, 633px\" \/><\/p>\n<p><img loading=\"lazy\" decoding=\"async\" class=\"wp-image-7244  aligncenter\" src=\"https:\/\/tinvietcosmetic.com\/wp-content\/uploads\/2023\/02\/BOM-MAKEUP-in-Net-Sale-1.jpg\" alt=\"\" width=\"629\" height=\"318\" srcset=\"https:\/\/tinvietcosmetic.com\/wp-content\/uploads\/2023\/02\/BOM-MAKEUP-in-Net-Sale-1.jpg 988w, https:\/\/tinvietcosmetic.com\/wp-content\/uploads\/2023\/02\/BOM-MAKEUP-in-Net-Sale-1-300x152.jpg 300w, https:\/\/tinvietcosmetic.com\/wp-content\/uploads\/2023\/02\/BOM-MAKEUP-in-Net-Sale-1-768x388.jpg 768w, https:\/\/tinvietcosmetic.com\/wp-content\/uploads\/2023\/02\/BOM-MAKEUP-in-Net-Sale-1-18x9.jpg 18w, https:\/\/tinvietcosmetic.com\/wp-content\/uploads\/2023\/02\/BOM-MAKEUP-in-Net-Sale-1-900x455.jpg 900w, https:\/\/tinvietcosmetic.com\/wp-content\/uploads\/2023\/02\/BOM-MAKEUP-in-Net-Sale-1-600x303.jpg 600w\" sizes=\"auto, (max-width: 629px) 100vw, 629px\" \/><\/p>\n<p>BOM is available at our key accounts: HASAKI, GUARDIAN, WATSONS, TGSF, SAMMI, GLAM BOUTIQUE,&#8230;<\/p>\n<p>Website: <a href=\"https:\/\/bomcosmetic.vn\/\">https:\/\/bomcosmetic.vn\/<\/a><\/p>\n<p>Fanpage: <a href=\"https:\/\/www.facebook.com\/BOMCosmeticsVNOfficial\/\">https:\/\/www.facebook.com\/BOMCosmeticsVNOfficial\/<\/a><\/p>","protected":false},"excerpt":{"rendered":"<p>B.O.M &#8211; BEAUTY OF MAJESTY Korea is famous as a country that leads the beauty trends. Korean cosmetics have a unique taste and allow women to choose a unique signature. BOM&#8217;s mission is to bring the Beauty for Women &#8211; which stems from the pride with a colorful appearance and confidence: know how to makeup,<\/p>","protected":false},"author":1,"featured_media":0,"parent":0,"menu_order":0,"comment_status":"closed","ping_status":"closed","template":"","meta":{"footnotes":""},"class_list":["post-7113","page","type-page","status-publish","hentry"],"_links":{"self":[{"href":"https:\/\/tinvietcosmetic.com\/vi\/wp-json\/wp\/v2\/pages\/7113","targetHints":{"allow":["GET"]}}],"collection":[{"href":"https:\/\/tinvietcosmetic.com\/vi\/wp-json\/wp\/v2\/pages"}],"about":[{"href":"https:\/\/tinvietcosmetic.com\/vi\/wp-json\/wp\/v2\/types\/page"}],"author":[{"embeddable":true,"href":"https:\/\/tinvietcosmetic.com\/vi\/wp-json\/wp\/v2\/users\/1"}],"replies":[{"embeddable":true,"href":"https:\/\/tinvietcosmetic.com\/vi\/wp-json\/wp\/v2\/comments?post=7113"}],"version-history":[{"count":7,"href":"https:\/\/tinvietcosmetic.com\/vi\/wp-json\/wp\/v2\/pages\/7113\/revisions"}],"predecessor-version":[{"id":7245,"href":"https:\/\/tinvietcosmetic.com\/vi\/wp-json\/wp\/v2\/pages\/7113\/revisions\/7245"}],"wp:attachment":[{"href":"https:\/\/tinvietcosmetic.com\/vi\/wp-json\/wp\/v2\/media?parent=7113"}],"curies":[{"name":"wp","href":"https:\/\/api.w.org\/{rel}","templated":true}]}}