{"id":7105,"date":"2021-09-18T10:26:01","date_gmt":"2021-09-18T03:26:01","guid":{"rendered":"https:\/\/tinviet.truyenthongdps.com\/tinviet\/?page_id=7105"},"modified":"2023-02-08T11:55:41","modified_gmt":"2023-02-08T04:55:41","slug":"silkygirl","status":"publish","type":"page","link":"https:\/\/tinvietcosmetic.com\/vi\/silkygirl\/","title":{"rendered":"SILKYGIRL"},"content":{"rendered":"<h2 style=\"text-align: center; color: pink;\"><strong>SILKYGIRL &#8211; UNLEASE YOUR CONFIDENCE<\/strong><\/h2>\n<p>M\u1ed9t th\u01b0\u01a1ng hi\u1ec7u m\u1ef9 ph\u1ea9m m\u00e0u vui nh\u1ed9n, tr\u1ebb trung v\u00e0 h\u1ee3p th\u1eddi trang gi\u1ea3i ph\u00f3ng s\u1ef1 t\u1ef1 tin c\u1ee7a b\u1ea1n.<\/p>\n<p>SILKYGIRL (\u0111\u01b0\u1ee3c ph\u00e1t tri\u1ec3n b\u1edfi T\u1eadp \u0111o\u00e0n M\u1ef9 ph\u1ea9m Li\u00ean Minh n\u0103m 2006) c\u00f3 ngu\u1ed3n g\u1ed1c t\u1eeb Malaysia \/ Singapore \u0111\u00e3 th\u00eam h\u1ee9ng th\u00fa m\u1edbi cho b\u1ed1i c\u1ea3nh m\u1ef9 ph\u1ea9m m\u00e0u tr\u00ean th\u1ecb tr\u01b0\u1eddng b\u00e1n l\u1ebb \u0111\u1ea1i ch\u00fang.<\/p>\n<p><img loading=\"lazy\" decoding=\"async\" class=\"aligncenter wp-image-7107 size-full\" src=\"https:\/\/tinvietcosmetic.com\/wp-content\/uploads\/2021\/09\/81455954_10157091731048657_5869043114580115456_o_edfe505074f24bf5ab5f068f3ab0f36e_master.png\" alt=\"\" width=\"797\" height=\"350\" srcset=\"https:\/\/tinvietcosmetic.com\/wp-content\/uploads\/2021\/09\/81455954_10157091731048657_5869043114580115456_o_edfe505074f24bf5ab5f068f3ab0f36e_master.png 797w, https:\/\/tinvietcosmetic.com\/wp-content\/uploads\/2021\/09\/81455954_10157091731048657_5869043114580115456_o_edfe505074f24bf5ab5f068f3ab0f36e_master-300x132.png 300w, https:\/\/tinvietcosmetic.com\/wp-content\/uploads\/2021\/09\/81455954_10157091731048657_5869043114580115456_o_edfe505074f24bf5ab5f068f3ab0f36e_master-768x337.png 768w, https:\/\/tinvietcosmetic.com\/wp-content\/uploads\/2021\/09\/81455954_10157091731048657_5869043114580115456_o_edfe505074f24bf5ab5f068f3ab0f36e_master-600x263.png 600w\" sizes=\"auto, (max-width: 797px) 100vw, 797px\" \/>SILKYGIRL cung c\u1ea5p \u0111\u1ea7y \u0111\u1ee7 c\u00e1c lo\u1ea1i m\u1ef9 ph\u1ea9m m\u00e0u ch\u1ea5t l\u01b0\u1ee3ng cao s\u1ebd \u0111\u00e1p \u1ee9ng nhu c\u1ea7u c\u1ee7a ng\u01b0\u1eddi ti\u00eau d\u00f9ng s\u00e0nh \u0111i\u1ec7u \u1edf c\u1ea3 th\u1ecb tr\u01b0\u1eddng \u0111\u00f4 th\u1ecb v\u00e0 ngo\u1ea1i \u00f4. C\u00e1 t\u00ednh th\u01b0\u01a1ng hi\u1ec7u c\u1ee7a SILKYGIRL l\u00e0 vui v\u1ebb, tr\u1ebb trung, \u0111\u1ea7y m\u00e0u s\u1eafc v\u00e0 to\u00e1t l\u00ean s\u1ef1 t\u1ef1 tin. L\u1eddi h\u1ee9a c\u1ed1t l\u00f5i c\u1ee7a th\u01b0\u01a1ng hi\u1ec7u \u0111\u01b0\u1ee3c cung c\u1ea5p th\u00f4ng qua xu h\u01b0\u1edbng m\u00e0u s\u1eafc m\u1edbi nh\u1ea5t v\u00e0 th\u00f4ng s\u1ed1 k\u1ef9 thu\u1eadt ch\u1ea5t l\u01b0\u1ee3ng cao c\u1ee7a s\u1ea3n ph\u1ea9m.<\/p>\n<p><strong>Th\u00e0nh t\u1ef1u to\u00e0n c\u1ea7u:<\/strong><\/p>\n<p>\u2013 C\u00f3 m\u1eb7t t\u1ea1i h\u01a1n 5.000 \u0111i\u1ec3m b\u00e1n h\u00e0ng\/\u0111i\u1ec3m b\u00e1n l\u1ebb m\u1ef9 ph\u1ea9m tr\u00ean kh\u1eafp c\u00e1c n\u01b0\u1edbc ch\u00e2u \u00c1, nh\u01b0: Singapore, Malaysia, Indonesia, Philipine, Myanma, Campuchia,... v\u00e0 Vi\u1ec7t Nam.<\/p>\n<p>\u2013 D\u1ea5u ch\u00e2n \u1edf T\u00e2y \u00c2u: \u0110\u1ee9c, T\u00e2y Ban Nha v\u00e0 M\u1ef9.<\/p>\n<p>\u2013 T\u1ea1i Singapore v\u00e0 Malaysia: Silkygirl l\u00e0 top 3 th\u01b0\u01a1ng hi\u1ec7u m\u1ef9 ph\u1ea9m n\u1ed5i ti\u1ebfng trong nh\u1eefng n\u0103m g\u1ea7n \u0111\u00e2y<\/p>\n<p><img loading=\"lazy\" decoding=\"async\" class=\"wp-image-7240  aligncenter\" src=\"https:\/\/tinvietcosmetic.com\/wp-content\/uploads\/2023\/02\/SILKYGIRL-in-Net-Sale-1.jpg\" alt=\"\" width=\"699\" height=\"368\" srcset=\"https:\/\/tinvietcosmetic.com\/wp-content\/uploads\/2023\/02\/SILKYGIRL-in-Net-Sale-1.jpg 949w, https:\/\/tinvietcosmetic.com\/wp-content\/uploads\/2023\/02\/SILKYGIRL-in-Net-Sale-1-300x158.jpg 300w, https:\/\/tinvietcosmetic.com\/wp-content\/uploads\/2023\/02\/SILKYGIRL-in-Net-Sale-1-768x405.jpg 768w, https:\/\/tinvietcosmetic.com\/wp-content\/uploads\/2023\/02\/SILKYGIRL-in-Net-Sale-1-18x9.jpg 18w, https:\/\/tinvietcosmetic.com\/wp-content\/uploads\/2023\/02\/SILKYGIRL-in-Net-Sale-1-900x474.jpg 900w, https:\/\/tinvietcosmetic.com\/wp-content\/uploads\/2023\/02\/SILKYGIRL-in-Net-Sale-1-600x316.jpg 600w\" sizes=\"auto, (max-width: 699px) 100vw, 699px\" \/><\/p>\n<p><strong>H\u00e0nh tr\u00ecnh Silkygirl t\u1ea1i Vi\u1ec7t Nam<\/strong><\/p>\n<p>Silkygirl journey in Vietnam began from 2015 upto now. Silkygirl has been present at top 500+ beauty destination, such as: HASAKI, GUARDIAN, WATSONS, SAMMI, TGSF, GLAM BOUTIQUE&#8230;.across nationwide.<\/p>\n<p>3 cam k\u1ebft t\u1eeb Silkygirl: gi\u00e1 c\u1ea3 ph\u1ea3i ch\u0103ng, nhi\u1ec1u l\u1ef1a ch\u1ecdn v\u00e0 an to\u00e0n kh\u00e1c nhau (th\u00f4ng b\u00e1o 100% \u0111\u00e3 \u0111\u01b0\u1ee3c B\u1ed9 Y t\u1ebf Vi\u1ec7t Nam ph\u00ea duy\u1ec7t).<\/p>\n<p>Website: <a href=\"https:\/\/www.silkygirl.com.vn\/\">https:\/\/www.silkygirl.com.vn\/<\/a><\/p>\n<p>Fanpage: <a href=\"https:\/\/www.facebook.com\/silkygirlvietnam\/\">https:\/\/www.facebook.com\/silkygirlvietnam\/<\/a><\/p>","protected":false},"excerpt":{"rendered":"<p>SILKYGIRL &#8211; UNLEASE YOUR CONFIDENCE A fun, young and trendy brand of color cosmetics that unleashes your confidence. SILKYGIRL (developed by The Alliance Cosmetic Group in 2006) originated from Malaysia \/ Singapore has added new excitement to the landscape of color cosmetics in the mass retail market. SILKYGIRL offers a complete range of high quality<\/p>","protected":false},"author":1,"featured_media":0,"parent":0,"menu_order":0,"comment_status":"closed","ping_status":"closed","template":"","meta":{"footnotes":""},"class_list":["post-7105","page","type-page","status-publish","hentry"],"_links":{"self":[{"href":"https:\/\/tinvietcosmetic.com\/vi\/wp-json\/wp\/v2\/pages\/7105","targetHints":{"allow":["GET"]}}],"collection":[{"href":"https:\/\/tinvietcosmetic.com\/vi\/wp-json\/wp\/v2\/pages"}],"about":[{"href":"https:\/\/tinvietcosmetic.com\/vi\/wp-json\/wp\/v2\/types\/page"}],"author":[{"embeddable":true,"href":"https:\/\/tinvietcosmetic.com\/vi\/wp-json\/wp\/v2\/users\/1"}],"replies":[{"embeddable":true,"href":"https:\/\/tinvietcosmetic.com\/vi\/wp-json\/wp\/v2\/comments?post=7105"}],"version-history":[{"count":6,"href":"https:\/\/tinvietcosmetic.com\/vi\/wp-json\/wp\/v2\/pages\/7105\/revisions"}],"predecessor-version":[{"id":7241,"href":"https:\/\/tinvietcosmetic.com\/vi\/wp-json\/wp\/v2\/pages\/7105\/revisions\/7241"}],"wp:attachment":[{"href":"https:\/\/tinvietcosmetic.com\/vi\/wp-json\/wp\/v2\/media?parent=7105"}],"curies":[{"name":"wp","href":"https:\/\/api.w.org\/{rel}","templated":true}]}}