{"id":6937,"date":"2015-12-15T07:37:33","date_gmt":"2015-12-15T07:37:33","guid":{"rendered":"http:\/\/consulting.stylemixthemes.com\/?page_id=9"},"modified":"2015-12-15T07:37:33","modified_gmt":"2015-12-15T07:37:33","slug":"company-overview","status":"publish","type":"page","link":"https:\/\/tinvietcosmetic.com\/vi\/company-overview\/","title":{"rendered":"Company overview"},"content":{"rendered":"<div class=\"wpb-content-wrapper\"><div class=\"vc_row wpb_row vc_row-fluid vc_custom_1451991003825 mpc-row\"><div class=\"wpb_column vc_column_container vc_col-sm-12 vc_col-lg-9 vc_col-md-9 mpc-column\" data-column-id=\"mpc_column-9669f26ff2e5bb3\"><div class=\"vc_column-inner\"><div class=\"wpb_wrapper\">\n\t\t\t<!-- START About Us Slider REVOLUTION SLIDER 6.6.20 --><p class=\"rs-p-wp-fix\"><\/p>\n\t\t\t<rs-module-wrap id=\"rev_slider_2_1_wrapper\" data-source=\"gallery\" style=\"visibility:hidden;background:transparent;padding:0;margin:0px auto;margin-top:0;margin-bottom:0;\">\n\t\t\t\t<rs-module id=\"rev_slider_2_1\" style=\"\" data-version=\"6.6.20\">\n\t\t\t\t\t<rs-slides style=\"overflow: hidden; position: absolute;\">\n\t\t\t\t\t\t<rs-slide style=\"position: absolute;\" data-key=\"rs-3\" data-title=\"Slide\" data-anim=\"r:0;\" data-in=\"x:(100%);\" class=\"third_bg_color\">\n\t\t\t\t\t\t\t<img decoding=\"async\" src=\"\/\/tinvietcosmetic.com\/wp-content\/plugins\/revslider\/public\/assets\/assets\/dummy.png\" alt=\"Slide\" title=\"Company overview\" class=\"rev-slidebg tp-rs-img rs-lazyload\" data-lazyload=\"\/\/tinvietcosmetic.com\/wp-content\/plugins\/revslider\/public\/assets\/assets\/transparent.png\" data-no-retina>\n<!--\n\t\t\t\t\t\t\t--><rs-layer id=\"slider-2-slide-3-layer-2\" data-type=\"text\" data-color=\"rgba(255,255,255,1)\" data-rsp_ch=\"on\" data-xy=\"x:67px;y:80px;\" data-text=\"l:22;\" data-frame_0=\"tp:600;\" data-frame_1=\"tp:600;e:power2.inOut;st:500;sR:500;\" data-frame_999=\"o:0;tp:600;e:nothing;st:w;sR:8200;\" style=\"z-index:5;font-family:'Roboto';\"><div class=\"consulting-rev-title-3\">\nWorkshops<br>\nthat awesome!\n<\/div> \n\t\t\t\t\t\t\t<\/rs-layer><!--\n\n\t\t\t\t\t\t\t--><rs-layer id=\"slider-2-slide-3-layer-3\" data-type=\"text\" data-color=\"rgba(255,255,255,1)\" data-rsp_ch=\"on\" data-xy=\"x:67px;y:194px;\" data-text=\"l:22;\" data-frame_0=\"tp:600;\" data-frame_1=\"tp:600;e:power2.inOut;st:500;sR:500;\" data-frame_999=\"o:0;tp:600;e:nothing;st:w;sR:8200;\" style=\"z-index:6;font-family:'Roboto';\"><div class=\"consulting-rev-text-2\">\nWe are a company that offers design and build services for<br> you from initial sketches to the final construction.\n<\/div> \n\t\t\t\t\t\t\t<\/rs-layer><!--\n\n\t\t\t\t\t\t\t--><rs-layer id=\"slider-2-slide-3-layer-4\" data-type=\"text\" data-color=\"rgba(255,255,255,1)\" data-rsp_ch=\"on\" data-xy=\"x:67px;y:272px;\" data-text=\"l:22;\" data-frame_0=\"tp:600;\" data-frame_1=\"tp:600;e:power2.inOut;st:500;sR:500;\" data-frame_999=\"o:0;tp:600;e:nothing;st:w;sR:8200;\" style=\"z-index:7;font-family:'Roboto';\"><a href=\"#\" class=\"button icon_right bordered theme_style_2\">get a quote <i class=\"fa fa-chevron-right\"><\/i><\/a> \n\t\t\t\t\t\t\t<\/rs-layer><!--\n\n\t\t\t\t\t\t\t--><rs-layer id=\"slider-2-slide-3-layer-5\" data-type=\"image\" data-rsp_ch=\"on\" data-xy=\"x:r;y:74px;\" data-text=\"l:22;\" data-dim=\"w:383px;h:303px;\" data-frame_0=\"tp:600;\" data-frame_1=\"tp:600;e:power2.inOut;st:500;sR:500;\" data-frame_999=\"o:0;tp:600;e:nothing;st:w;sR:8200;\" style=\"z-index:8;\"><img decoding=\"async\" src=\"\/\/tinvietcosmetic.com\/wp-content\/plugins\/revslider\/public\/assets\/assets\/dummy.png\" alt=\"\" class=\"tp-rs-img rs-lazyload\" width=\"383\" height=\"303\" data-lazyload=\"\/\/tinvietcosmetic.com\/wp-content\/uploads\/revslider\/about_us_slider\/macbook.png\" data-no-retina> \n\t\t\t\t\t\t\t<\/rs-layer><!--\n-->\t\t\t\t\t\t<\/rs-slide>\n\t\t\t\t\t\t<rs-slide style=\"position: absolute;\" data-key=\"rs-4\" data-title=\"Slide\" data-in=\"x:(100%);\">\n\t\t\t\t\t\t\t<img decoding=\"async\" src=\"\/\/tinvietcosmetic.com\/wp-content\/plugins\/revslider\/public\/assets\/assets\/dummy.png\" alt=\"Slide\" title=\"Company overview\" class=\"rev-slidebg tp-rs-img rs-lazyload\" data-lazyload=\"\/\/tinvietcosmetic.com\/wp-content\/plugins\/revslider\/public\/assets\/assets\/transparent.png\" data-bg=\"c:#fde428;\" data-no-retina>\n<!--\n\t\t\t\t\t\t\t--><rs-layer id=\"slider-2-slide-4-layer-6\" data-type=\"image\" data-rsp_ch=\"on\" data-xy=\"x:r;\" data-text=\"l:22;\" data-dim=\"w:834px;h:421px;\" data-frame_0=\"tp:600;\" data-frame_1=\"tp:600;e:power2.inOut;st:500;sR:500;\" data-frame_999=\"o:0;tp:600;e:nothing;st:w;sR:8200;\" style=\"z-index:5;\"><img decoding=\"async\" src=\"\/\/tinvietcosmetic.com\/wp-content\/plugins\/revslider\/public\/assets\/assets\/dummy.png\" alt=\"\" class=\"tp-rs-img rs-lazyload\" width=\"834\" height=\"421\" data-lazyload=\"\/\/tinvietcosmetic.com\/wp-content\/uploads\/revslider\/about_us_slider\/about.jpg\" data-no-retina> \n\t\t\t\t\t\t\t<\/rs-layer><!--\n\n\t\t\t\t\t\t\t--><rs-layer id=\"slider-2-slide-4-layer-2\" data-type=\"text\" data-color=\"rgba(34, 34, 34, 1)\" data-rsp_ch=\"on\" data-xy=\"x:67px;y:80px;\" data-text=\"l:22;\" data-frame_0=\"tp:600;\" data-frame_1=\"tp:600;e:power2.inOut;st:500;sR:500;\" data-frame_999=\"o:0;tp:600;e:nothing;st:w;sR:8200;\" style=\"z-index:6;font-family:'';\"><div class=\"consulting-rev-title-3\">\nMeet our<br>\nbrilliant minds!\n<\/div> \n\t\t\t\t\t\t\t<\/rs-layer><!--\n\n\t\t\t\t\t\t\t--><rs-layer id=\"slider-2-slide-4-layer-3\" data-type=\"text\" data-color=\"rgba(34, 34, 34, 1)\" data-rsp_ch=\"on\" data-xy=\"x:67px;y:194px;\" data-text=\"l:22;\" data-frame_0=\"tp:600;\" data-frame_1=\"tp:600;e:power2.inOut;st:500;sR:500;\" data-frame_999=\"o:0;tp:600;e:nothing;st:w;sR:8200;\" style=\"z-index:7;font-family:'';\"><div class=\"consulting-rev-text-2\">\nOur personnel have evaluated liability, causation and\/or<br> damages issues in hundreds of litigation and dispute matters.\n<\/div> \n\t\t\t\t\t\t\t<\/rs-layer><!--\n\n\t\t\t\t\t\t\t--><rs-layer id=\"slider-2-slide-4-layer-4\" data-type=\"text\" data-color=\"rgba(255, 255, 255, 1)\" data-rsp_ch=\"on\" data-xy=\"x:67px;y:272px;\" data-text=\"l:22;\" data-frame_0=\"tp:600;\" data-frame_1=\"tp:600;e:power2.inOut;st:500;sR:500;\" data-frame_999=\"o:0;tp:600;e:nothing;st:8900;sR:8100;\" style=\"z-index:8;font-family:'';\"><a href=\"#\" class=\"button icon_right bordered theme_style_2\">learn more <i class=\"fa fa-chevron-right\"><\/i><\/a> \n\t\t\t\t\t\t\t<\/rs-layer><!--\n-->\t\t\t\t\t\t<\/rs-slide>\n\t\t\t\t\t<\/rs-slides>\n\t\t\t\t<\/rs-module>\n\t\t\t\t<script>\n\t\t\t\t\tsetREVStartSize({c: 'rev_slider_2_1',rl:[1240,1024,778,480],el:[407],gw:[825],gh:[407],type:'carousel',justify:'',layout:'fullwidth',mh:\"0\"});if (window.RS_MODULES!==undefined && window.RS_MODULES.modules!==undefined && window.RS_MODULES.modules[\"revslider21\"]!==undefined) {window.RS_MODULES.modules[\"revslider21\"].once = false;window.revapi2 = undefined;if (window.RS_MODULES.checkMinimal!==undefined) window.RS_MODULES.checkMinimal()}\n\t\t\t\t<\/script>\n\t\t\t<\/rs-module-wrap>\n\t\t\t<!-- END REVOLUTION SLIDER -->\n\n\t<div class=\"wpb_text_column wpb_content_element  vc_custom_1482917865154\">\n\t\t<div class=\"wpb_wrapper\">\n\t\t\t<h2>Company overview<\/h2>\n<p>Consulting WP is a global consulting powerhouse. We began our operations a few decades ago and have grown due to excellent relationships with our clients. We started out small, with just a few people and a small office, but today we have offices in multiple countries with hundreds of people working inside them.<\/p>\n<p>We achieved our success because of how successfully we integrate with our clients. One complaint many people have about consultants is that they can be disruptive. Employees fear outside consultants coming in and destroying the workflow. Our clients face no such issues.<\/p>\n\n\t\t<\/div>\n\t<\/div>\n\n\t<div class=\"wpb_text_column wpb_content_element  vc_custom_1455883727307\">\n\t\t<div class=\"wpb_wrapper\">\n\t\t\t<blockquote><p>\nConsulting WP continues to grow ever day thanks to the confidence our clients have in us. We cover many industries such as financial, energy, business services, consumer products.\n<\/p><\/blockquote>\n\n\t\t<\/div>\n\t<\/div>\n<div class=\"vc_row wpb_row vc_inner vc_row-fluid mpc-row\"><div class=\"wpb_column vc_column_container vc_col-sm-6 mpc-column\" data-column-id=\"mpc_column-8769f26ff2e3ecc\"><div class=\"vc_column-inner\"><div class=\"wpb_wrapper\"><div class=\"vc_custom_heading no_stripe vc_custom_1453471528699 text_align_left\"><h4 style=\"color: #222222;text-align: left\" class=\"consulting-custom-title\">Our mission<\/h4><\/div>\n\t<div class=\"wpb_text_column wpb_content_element\">\n\t\t<div class=\"wpb_wrapper\">\n\t\t\t<p>Our renowned coaching programs will allow you to:<\/p>\n<ul>\n<li>Work fewer hours &mdash; and make more money<\/li>\n<li>Attract and retain quality, high-paying customers<\/li>\n<li>Manage your time so you&rsquo;ll get more done in less time<\/li>\n<li>Hone sharp leadership skills to manage your team<\/li>\n<li>Cut expenses without sacrificing quality<\/li>\n<li>Automate your business, so you can leave for days, weeks, or even months at a time<\/li>\n<\/ul>\n\n\t\t<\/div>\n\t<\/div>\n<\/div><\/div><\/div><div class=\"wpb_column vc_column_container vc_col-sm-6 mpc-column\" data-column-id=\"mpc_column-4169f26ff2e56f3\"><div class=\"vc_column-inner\"><div class=\"wpb_wrapper\"><div class=\"vc_custom_heading no_stripe vc_custom_1453471549250 text_align_left\"><h4 style=\"color: #222222;text-align: left\" class=\"consulting-custom-title\">How we work<\/h4><\/div>\n\t<div class=\"wpb_video_widget wpb_content_element has_no_poster\">\n\t\t<div class=\"wpb_wrapper\"><div class=\"wpb_video_wrapper\"><div class=\"video\" style=\"width: 400px; height: 400px;\"><iframe src=\"https:\/\/www.youtube.com\/embed\/w0RGnXpf9LU\" frameborder=\"0\" webkitallowfullscreen mozallowfullscreen allowfullscreen allow=\"autoplay\"><\/iframe><\/div><\/div>\n\t\t<\/div> \n\t<\/div> <\/div><\/div><\/div><\/div><\/div><\/div><\/div><div class=\"wpb_column vc_column_container vc_col-sm-3 vc_hidden-sm vc_hidden-xs mpc-column\" data-column-id=\"mpc_column-3069f26ff2eaa74\"><div class=\"vc_column-inner\"><div class=\"wpb_wrapper\">\n<div class=\"stm_sidebar\">\n\n            <style type=\"text\/css\" scoped>\n            .vc_custom_1451998133493{margin-bottom: 30px !important;}.vc_custom_1452056597103{margin-right: 0px !important;margin-bottom: 30px !important;margin-left: 0px !important;}.vc_custom_1452056633692{padding-top: 37px !important;padding-right: 30px !important;padding-bottom: 40px !important;padding-left: 30px !important;}.vc_custom_1565584571847{margin-bottom: 9px !important;}.vc_custom_1565584579235{margin-bottom: 17px !important;}        <\/style>\n        <div class=\"wpb-content-wrapper\"><div class=\"vc_row wpb_row vc_row-fluid vc_custom_1451998133493 mpc-row\"><div class=\"wpb_column vc_column_container vc_col-sm-12 mpc-column\" data-column-id=\"mpc_column-8569f26ff2e7c01\"><div class=\"vc_column-inner\"><div class=\"wpb_wrapper\"><div class=\"vc_wp_custommenu wpb_content_element mb-30\"><\/div><div class=\"vc_btn3-container vc_btn3-left\"><button class=\"vc_general vc_btn3 vc_btn3-size-lg vc_btn3-shape-rounded vc_btn3-style-flat vc_btn3-block vc_btn3-icon-left vc_btn3-color-theme_style_1\"><i class=\"vc_btn3-icon fa fa-file-pdf-o\"><\/i> Company presentation<\/button><\/div><\/div><\/div><\/div><\/div><div class=\"vc_row wpb_row vc_row-fluid third_bg_color vc_custom_1452056597103 mpc-row\"><div class=\"wpb_column vc_column_container vc_col-sm-12 mpc-column\" data-column-id=\"mpc_column-6669f26ff2e8901\"><div class=\"vc_column-inner vc_custom_1452056633692\"><div class=\"wpb_wrapper\"><div class=\"vc_custom_heading vc_custom_1565584571847 text_align_left title_no_stripe\"><h4 style=\"font-size: 16px;color: #ffffff;text-align: left\" class=\"consulting-custom-title\">how can we help you?<\/h4><\/div>\n\t<div class=\"wpb_text_column wpb_content_element  vc_custom_1565584579235\">\n\t\t<div class=\"wpb_wrapper\">\n\t\t\t<p><span style=\"font-size: 13px; line-height: 22px; color: #ffffff;\">Contact us at the Consulting WP office nearest to you or submit a business inquiry online.<\/span><\/p>\n\n\t\t<\/div>\n\t<\/div>\n<div class=\"vc_btn3-container vc_btn3-inline\"><a class=\"vc_general vc_btn3 vc_btn3-size-sm vc_btn3-shape-rounded vc_btn3-style-flat vc_btn3-icon-left vc_btn3-color-white\" href=\"http:\/\/consulting.stylemixthemes.com\/demo\/contact-us\/\" title=\"\"><i class=\"vc_btn3-icon fa fa-phone-square\"><\/i> contacts<\/a><\/div><\/div><\/div><\/div><\/div><div class=\"vc_row wpb_row vc_row-fluid mpc-row\"><div class=\"wpb_column vc_column_container vc_col-sm-12 mpc-column\" data-column-id=\"mpc_column-5069f26ff2ea52f\"><div class=\"vc_column-inner\"><div class=\"wpb_wrapper\">\n\n            <div class=\"stm_testimonials cols_1 style_1\">\n                            <div class=\"item\">\n                    <div class=\"testimonial\"><p>\u0110i\u1ec1u khi\u1ebfn t\u00f4i \u1ea5n t\u01b0\u1ee3ng l\u00e0 kh\u1ea3 n\u0103ng \u0111\u00e1p \u1ee9ng k\u1ecbp th\u1eddi y\u00eau c\u1ea7u \u0111\u1eb7c bi\u1ec7t c\u1ee7a ch\u00fang t\u00f4i do t\u00ecnh h\u00ecnh th\u1ecb tr\u01b0\u1eddng. V\u1edbi \u0111\u1ed9i ng\u0169 m\u1ea1nh m\u1ebd, h\u1ed7 tr\u1ee3 v\u00e0 li\u00eam ch\u00ednh, T\u00edn Vi\u1ec7t c\u00f3 th\u1ec3 t\u0103ng tr\u01b0\u1edfng \u0111\u00e1ng k\u1ec3 m\u1ed7i n\u0103m.<\/p>\n<\/div>\n                    <div class=\"testimonial-info clearfix\">\n                        <div class=\"testimonial-image\"><img loading=\"lazy\" decoding=\"async\" width=\"50\" height=\"50\" src=\"https:\/\/tinvietcosmetic.com\/wp-content\/uploads\/2018\/12\/photo-1551854590-dc9c6265b1b1-50x50.jpg\" class=\"attachment-consulting-image-50x50-croped size-consulting-image-50x50-croped wp-post-image\" alt=\"\" srcset=\"https:\/\/tinvietcosmetic.com\/wp-content\/uploads\/2018\/12\/photo-1551854590-dc9c6265b1b1-50x50.jpg 50w, https:\/\/tinvietcosmetic.com\/wp-content\/uploads\/2018\/12\/photo-1551854590-dc9c6265b1b1-150x150.jpg 150w, https:\/\/tinvietcosmetic.com\/wp-content\/uploads\/2018\/12\/photo-1551854590-dc9c6265b1b1-320x320.jpg 320w, https:\/\/tinvietcosmetic.com\/wp-content\/uploads\/2018\/12\/photo-1551854590-dc9c6265b1b1-300x300.jpg 300w, https:\/\/tinvietcosmetic.com\/wp-content\/uploads\/2018\/12\/photo-1551854590-dc9c6265b1b1-100x100.jpg 100w\" sizes=\"auto, (max-width: 50px) 100vw, 50px\"><\/div>\n                        <div class=\"testimonial-text\">\n                            <div class=\"name\">LY HA LE<\/div>\n                            <div class=\"company\">\n                                SENIOR CATEGORY MANAGER , GUARDIAN VIETNAM                            <\/div>\n                        <\/div>\n                    <\/div>\n                <\/div>\n                    <\/div>\n    \n<\/div><\/div><\/div><\/div>\n<\/div>    \n<\/div><\/div><\/div><\/div><\/div><div data-vc-full-width=\"true\" data-vc-full-width-init=\"false\" class=\"vc_row wpb_row vc_row-fluid third_bg_color vc_custom_1451889219674 mpc-row\"><div class=\"wpb_column vc_column_container vc_col-sm-12 mpc-column\" data-column-id=\"mpc_column-2869f26ff2ebf8e\"><div class=\"vc_column-inner\"><div class=\"wpb_wrapper\">\n<section class=\"vc_cta3-container\">\n    <div class=\"vc_general vc_cta3 third_bg_color vc_cta3-style-flat vc_cta3-shape-square vc_cta3-align-left vc_cta3-color-classic vc_cta3-icon-size-md vc_cta3-actions-right vc_custom_1565678446816 style=\">\n                        <div class=\"vc_cta3_content-container\">\n                                    <div class=\"vc_cta3-content\">\n                <header class=\"vc_cta3-content-header\">\n                    <div class=\"vc_custom_heading\"><h2 style=\"font-size: 20px;color: #ffffff;line-height: 24px\" class=\"consulting-custom-title\">Looking for a First-Class Business Plan Consultant?<\/h2><\/div>                                    <\/header>\n                            <\/div>\n                        <div class=\"vc_cta3-actions\"><div class=\"vc_btn3-container vc_btn3-right\"><a class=\"vc_general vc_btn3 vc_btn3-size-lg vc_btn3-shape-rounded vc_btn3-style-flat vc_btn3-block vc_btn3-icon-right vc_btn3-color-theme_style_2\" href=\"http:\/\/consulting.stylemixthemes.com\/demo\/contact-us\/\" title=\"\">get a quote <i class=\"vc_btn3-icon fa fa-chevron-right\"><\/i><\/a><\/div><\/div>        <\/div>\n                    <\/div>\n<\/section><\/div><\/div><\/div><\/div><div class=\"vc_row-full-width vc_clearfix\"><\/div>\n<\/div>","protected":false},"excerpt":{"rendered":"","protected":false},"author":1,"featured_media":0,"parent":0,"menu_order":0,"comment_status":"closed","ping_status":"closed","template":"","meta":{"footnotes":""},"class_list":["post-6937","page","type-page","status-publish","hentry"],"_links":{"self":[{"href":"https:\/\/tinvietcosmetic.com\/vi\/wp-json\/wp\/v2\/pages\/6937","targetHints":{"allow":["GET"]}}],"collection":[{"href":"https:\/\/tinvietcosmetic.com\/vi\/wp-json\/wp\/v2\/pages"}],"about":[{"href":"https:\/\/tinvietcosmetic.com\/vi\/wp-json\/wp\/v2\/types\/page"}],"author":[{"embeddable":true,"href":"https:\/\/tinvietcosmetic.com\/vi\/wp-json\/wp\/v2\/users\/1"}],"replies":[{"embeddable":true,"href":"https:\/\/tinvietcosmetic.com\/vi\/wp-json\/wp\/v2\/comments?post=6937"}],"version-history":[{"count":0,"href":"https:\/\/tinvietcosmetic.com\/vi\/wp-json\/wp\/v2\/pages\/6937\/revisions"}],"wp:attachment":[{"href":"https:\/\/tinvietcosmetic.com\/vi\/wp-json\/wp\/v2\/media?parent=6937"}],"curies":[{"name":"wp","href":"https:\/\/api.w.org\/{rel}","templated":true}]}}