{"id":462,"date":"2016-01-08T11:28:46","date_gmt":"2016-01-08T11:28:46","guid":{"rendered":"http:\/\/consulting.stylemixthemes.com\/?page_id=462"},"modified":"2016-01-08T11:28:46","modified_gmt":"2016-01-08T11:28:46","slug":"our-team-grid","status":"publish","type":"page","link":"https:\/\/tinvietcosmetic.com\/vi\/company-overview\/our-team-grid\/","title":{"rendered":"Our team grid"},"content":{"rendered":"<div class=\"wpb-content-wrapper\"><div class=\"vc_row wpb_row vc_row-fluid vc_custom_1459506565899 mpc-row\"><div class=\"wpb_column vc_column_container vc_col-sm-12 vc_col-lg-9 vc_col-md-9 mpc-column\" data-column-id=\"mpc_column-6569f228c955d07\"><div class=\"vc_column-inner\"><div class=\"wpb_wrapper\"><div class=\"vc_custom_heading vc_custom_1452247174165 text_align_left\"><h2 style=\"text-align: left\" class=\"consulting-custom-title\">Our team grid<\/h2><\/div>\n\n    \n        <div class=\"staff_list grid cols_2 img_default\">\n            <ul class=\"\">\n                                    <li>\n                                                                                                            <div class=\"staff_image\">\n                                    <a href=\"https:\/\/tinvietcosmetic.com\/vi\/staff\/brandon-copperfield\/\">\n                                        <img loading=\"lazy\" decoding=\"async\" width=\"150\" height=\"150\" src=\"https:\/\/tinvietcosmetic.com\/wp-content\/uploads\/2021\/09\/en_team-1-150x150.jpg\" class=\"attachment-thumbnail size-thumbnail wp-post-image\" alt=\"\" srcset=\"https:\/\/tinvietcosmetic.com\/wp-content\/uploads\/2021\/09\/en_team-1-150x150.jpg 150w, https:\/\/tinvietcosmetic.com\/wp-content\/uploads\/2021\/09\/en_team-1-50x50.jpg 50w, https:\/\/tinvietcosmetic.com\/wp-content\/uploads\/2021\/09\/en_team-1-100x100.jpg 100w\" sizes=\"auto, (max-width: 150px) 100vw, 150px\">                                    <\/a>\n                                    <ul class=\"staff_socials hidden\">\n                                                                                    <li class=\"staff_facebook\">\n                                                <a href=\"#\"><i class=\"fa fa-facebook\"><\/i><\/a>\n                                            <\/li>\n                                                                                                                            <li class=\"staff_twitter\">\n                                                <a href=\"#\"><i class=\"fa fa-twitter\"><\/i><\/a>\n                                            <\/li>\n                                                                                                                            <li class=\"staff_google_plus\">\n                                                <a href=\"#\"><i class=\"fa fa-google-plus\"><\/i><\/a>\n                                            <\/li>\n                                                                                                                            <li class=\"staff_linkedin\">\n                                                <a href=\"#\"><i class=\"fa fa-linkedin\"><\/i><\/a>\n                                            <\/li>\n                                                                            <\/ul>\n                                <\/div>\n                                                        <div class=\"staff_info\">\n                                <h4 class=\"no_stripe\">\n                                    <a href=\"https:\/\/tinvietcosmetic.com\/vi\/staff\/brandon-copperfield\/\" class=\"secondary_font_color_hv text_decoration_none\">THO NGUYEN<\/a>\n                                <\/h4>\n                                                                    <div class=\"staff_department\">\n                                        Chairman                                    <\/div>\n                                                                                                    <p>Th\u1ecd b\u1eaft \u0111\u1ea7u s\u1ef1 nghi\u1ec7p c\u1ee7a m\u00ecnh v\u1edbi t\u01b0 c\u00e1ch l\u00e0 m\u1ed9t t\u00e0i n\u0103ng h\u00e0ng \u0111\u1ea7u t\u1ea1i Unilever tr\u01b0\u1edbc khi chuy\u1ec3n nhanh sang gi\u00e1m \u0111\u1ed1c b\u00e1n h\u00e0ng trong FMCG l\u1edbn.<\/p>\n                                                                                                    <a class=\"read_more\" href=\"https:\/\/tinvietcosmetic.com\/vi\/staff\/brandon-copperfield\/\">\n                                        <span>view profile<\/span>\n                                        <i class=\"fa fa-chevron-right stm_icon\"><\/i>\n                                    <\/a>\n                                                            <\/div>\n                                            <\/li>\n                                    <li>\n                                                                                                            <div class=\"staff_image\">\n                                    <a href=\"https:\/\/tinvietcosmetic.com\/vi\/staff\/clark-roberts\/\">\n                                        <img loading=\"lazy\" decoding=\"async\" width=\"150\" height=\"150\" src=\"https:\/\/tinvietcosmetic.com\/wp-content\/uploads\/2016\/01\/en_team-2-150x150.jpg\" class=\"attachment-thumbnail size-thumbnail wp-post-image\" alt=\"\" srcset=\"https:\/\/tinvietcosmetic.com\/wp-content\/uploads\/2016\/01\/en_team-2-150x150.jpg 150w, https:\/\/tinvietcosmetic.com\/wp-content\/uploads\/2016\/01\/en_team-2-50x50.jpg 50w, https:\/\/tinvietcosmetic.com\/wp-content\/uploads\/2016\/01\/en_team-2-100x100.jpg 100w\" sizes=\"auto, (max-width: 150px) 100vw, 150px\">                                    <\/a>\n                                    <ul class=\"staff_socials hidden\">\n                                                                                    <li class=\"staff_facebook\">\n                                                <a href=\"#\"><i class=\"fa fa-facebook\"><\/i><\/a>\n                                            <\/li>\n                                                                                                                            <li class=\"staff_twitter\">\n                                                <a href=\"#\"><i class=\"fa fa-twitter\"><\/i><\/a>\n                                            <\/li>\n                                                                                                                            <li class=\"staff_google_plus\">\n                                                <a href=\"#\"><i class=\"fa fa-google-plus\"><\/i><\/a>\n                                            <\/li>\n                                                                                                                            <li class=\"staff_linkedin\">\n                                                <a href=\"#\"><i class=\"fa fa-linkedin\"><\/i><\/a>\n                                            <\/li>\n                                                                            <\/ul>\n                                <\/div>\n                                                        <div class=\"staff_info\">\n                                <h4 class=\"no_stripe\">\n                                    <a href=\"https:\/\/tinvietcosmetic.com\/vi\/staff\/clark-roberts\/\" class=\"secondary_font_color_hv text_decoration_none\">PHUONG TRAN<\/a>\n                                <\/h4>\n                                                                    <div class=\"staff_department\">\n                                        Vice Chairman                                    <\/div>\n                                                                                                    <p>Tr\u1ea7n M\u1ea1nh Ph\u01b0\u01a1ng c\u00f3 h\u01a1n 20 n\u0103m kinh nghi\u1ec7m trong l\u0129nh v\u1ef1c ph\u00e2n ph\u1ed1i FMCG v\u00e0 c\u00f4ng ngh\u1ec7...<\/p>\n                                                                                                    <a class=\"read_more\" href=\"https:\/\/tinvietcosmetic.com\/vi\/staff\/clark-roberts\/\">\n                                        <span>view profile<\/span>\n                                        <i class=\"fa fa-chevron-right stm_icon\"><\/i>\n                                    <\/a>\n                                                            <\/div>\n                                            <\/li>\n                                    <li>\n                                                                                                            <div class=\"staff_image\">\n                                    <a href=\"https:\/\/tinvietcosmetic.com\/vi\/staff\/ashley-hardy\/\">\n                                        <img loading=\"lazy\" decoding=\"async\" width=\"150\" height=\"150\" src=\"https:\/\/tinvietcosmetic.com\/wp-content\/uploads\/2016\/01\/en_team-3-150x150.jpg\" class=\"attachment-thumbnail size-thumbnail wp-post-image\" alt=\"\" srcset=\"https:\/\/tinvietcosmetic.com\/wp-content\/uploads\/2016\/01\/en_team-3-150x150.jpg 150w, https:\/\/tinvietcosmetic.com\/wp-content\/uploads\/2016\/01\/en_team-3-50x50.jpg 50w, https:\/\/tinvietcosmetic.com\/wp-content\/uploads\/2016\/01\/en_team-3-100x100.jpg 100w, https:\/\/tinvietcosmetic.com\/wp-content\/uploads\/2016\/01\/en_team-3.jpg 218w\" sizes=\"auto, (max-width: 150px) 100vw, 150px\">                                    <\/a>\n                                    <ul class=\"staff_socials hidden\">\n                                                                                    <li class=\"staff_facebook\">\n                                                <a href=\"#\"><i class=\"fa fa-facebook\"><\/i><\/a>\n                                            <\/li>\n                                                                                                                            <li class=\"staff_twitter\">\n                                                <a href=\"#\"><i class=\"fa fa-twitter\"><\/i><\/a>\n                                            <\/li>\n                                                                                                                            <li class=\"staff_google_plus\">\n                                                <a href=\"#\"><i class=\"fa fa-google-plus\"><\/i><\/a>\n                                            <\/li>\n                                                                                                                            <li class=\"staff_linkedin\">\n                                                <a href=\"#\"><i class=\"fa fa-linkedin\"><\/i><\/a>\n                                            <\/li>\n                                                                            <\/ul>\n                                <\/div>\n                                                        <div class=\"staff_info\">\n                                <h4 class=\"no_stripe\">\n                                    <a href=\"https:\/\/tinvietcosmetic.com\/vi\/staff\/ashley-hardy\/\" class=\"secondary_font_color_hv text_decoration_none\">TUNG THANH<\/a>\n                                <\/h4>\n                                                                    <div class=\"staff_department\">\n                                        CEO                                    <\/div>\n                                                                                                    <p>V\u1edbi kinh nghi\u1ec7m th\u1ef1c h\u00e0nh trong ng\u00e0nh c\u00f4ng nghi\u1ec7p H &amp; B h\u00e0ng \u0111\u1ea7u: L'Oreal, Beiersdorf, Wipro Unza,... T\u00f9ng \u0111\u00e3 mang...<\/p>\n                                                                                                    <a class=\"read_more\" href=\"https:\/\/tinvietcosmetic.com\/vi\/staff\/ashley-hardy\/\">\n                                        <span>view profile<\/span>\n                                        <i class=\"fa fa-chevron-right stm_icon\"><\/i>\n                                    <\/a>\n                                                            <\/div>\n                                            <\/li>\n                                    <li>\n                                                                                                            <div class=\"staff_image\">\n                                    <a href=\"https:\/\/tinvietcosmetic.com\/vi\/staff\/dennis-norris\/\">\n                                        <img loading=\"lazy\" decoding=\"async\" width=\"150\" height=\"150\" src=\"https:\/\/tinvietcosmetic.com\/wp-content\/uploads\/2016\/01\/en_team-4-150x150.png\" class=\"attachment-thumbnail size-thumbnail wp-post-image\" alt=\"\" srcset=\"https:\/\/tinvietcosmetic.com\/wp-content\/uploads\/2016\/01\/en_team-4-150x150.png 150w, https:\/\/tinvietcosmetic.com\/wp-content\/uploads\/2016\/01\/en_team-4-50x50.png 50w, https:\/\/tinvietcosmetic.com\/wp-content\/uploads\/2016\/01\/en_team-4-100x100.png 100w, https:\/\/tinvietcosmetic.com\/wp-content\/uploads\/2016\/01\/en_team-4.png 215w\" sizes=\"auto, (max-width: 150px) 100vw, 150px\">                                    <\/a>\n                                    <ul class=\"staff_socials hidden\">\n                                                                                    <li class=\"staff_facebook\">\n                                                <a href=\"#\"><i class=\"fa fa-facebook\"><\/i><\/a>\n                                            <\/li>\n                                                                                                                            <li class=\"staff_twitter\">\n                                                <a href=\"#\"><i class=\"fa fa-twitter\"><\/i><\/a>\n                                            <\/li>\n                                                                                                                            <li class=\"staff_google_plus\">\n                                                <a href=\"#\"><i class=\"fa fa-google-plus\"><\/i><\/a>\n                                            <\/li>\n                                                                                                                            <li class=\"staff_linkedin\">\n                                                <a href=\"#\"><i class=\"fa fa-linkedin\"><\/i><\/a>\n                                            <\/li>\n                                                                            <\/ul>\n                                <\/div>\n                                                        <div class=\"staff_info\">\n                                <h4 class=\"no_stripe\">\n                                    <a href=\"https:\/\/tinvietcosmetic.com\/vi\/staff\/dennis-norris\/\" class=\"secondary_font_color_hv text_decoration_none\">TUAN NGUYEN<\/a>\n                                <\/h4>\n                                                                    <div class=\"staff_department\">\n                                        Commercial Director                                    <\/div>\n                                                                                                    <p>Tu\u1ea5n t\u1eadp trung v\u00e0 t\u1eadn t\u00e2m l\u00e3nh \u0111\u1ea1o b\u00e1n h\u00e0ng v\u1edbi 18 n\u0103m l\u00e0m vi\u1ec7c t\u1ea1i Colgate, ng\u01b0\u1eddi c\u00f3 s\u1ef1 hi\u1ec3u bi\u1ebft s\u00e2u s\u1eafc...<\/p>\n                                                                                                    <a class=\"read_more\" href=\"https:\/\/tinvietcosmetic.com\/vi\/staff\/dennis-norris\/\">\n                                        <span>view profile<\/span>\n                                        <i class=\"fa fa-chevron-right stm_icon\"><\/i>\n                                    <\/a>\n                                                            <\/div>\n                                            <\/li>\n                                            <\/ul>\n\n        <\/div>\n\n    \n\n<div class=\"stm-spacing\" id=\"stm-spacing-69f228c95588d\"><\/div>\n<script>\n    (function($){\n        \"use strict\";\n        var spacingID = 'stm-spacing-69f228c95588d',\n            lgSpacing = '',\n            mdSpacing = '',\n            smSpacing = '60',\n            xsSpacing = '60';\n\n        function stmSpacing() {\n            if ( window.matchMedia(\"(min-width: 1200px)\").matches && lgSpacing ) {\n                $( '#' + spacingID ).css ( \"height\", lgSpacing );\n            } else if ( window.matchMedia(\"(max-width: 1199px) and (min-width: 992px )\").matches && mdSpacing ) {\n                $( '#' + spacingID ).css ( \"height\", mdSpacing );\n            } else if ( window.matchMedia(\"(max-width: 991px) and (min-width: 768px )\").matches && smSpacing ) {\n                $( '#' + spacingID ).css ( \"height\", smSpacing );\n            } else if ( window.matchMedia(\"(max-width: 767px)\").matches && xsSpacing ) {\n                $( '#' + spacingID ).css ( \"height\", xsSpacing );\n            } else {\n                $( '#' + spacingID ).css ( \"height\", \"\" );\n            }\n        }\n\n        $(document).ready(function() {\n            stmSpacing();\n        });\n\n        $(window).resize(function() {\n            stmSpacing();\n        });\n\n    })(jQuery);\n<\/script><\/div><\/div><\/div><div class=\"wpb_column vc_column_container vc_col-sm-12 vc_col-lg-3 vc_col-md-3 mpc-column\" data-column-id=\"mpc_column-4769f228c959cad\"><div class=\"vc_column-inner\"><div class=\"wpb_wrapper\">\n<div class=\"stm_sidebar\">\n\n            <style type=\"text\/css\" scoped>\n            .vc_custom_1451998133493{margin-bottom: 30px !important;}.vc_custom_1452056597103{margin-right: 0px !important;margin-bottom: 30px !important;margin-left: 0px !important;}.vc_custom_1452056633692{padding-top: 37px !important;padding-right: 30px !important;padding-bottom: 40px !important;padding-left: 30px !important;}.vc_custom_1565584571847{margin-bottom: 9px !important;}.vc_custom_1565584579235{margin-bottom: 17px !important;}        <\/style>\n        <div class=\"wpb-content-wrapper\"><div class=\"vc_row wpb_row vc_row-fluid vc_custom_1451998133493 mpc-row\"><div class=\"wpb_column vc_column_container vc_col-sm-12 mpc-column\" data-column-id=\"mpc_column-3269f228c957c0c\"><div class=\"vc_column-inner\"><div class=\"wpb_wrapper\"><div class=\"vc_wp_custommenu wpb_content_element mb-30\"><\/div><div class=\"vc_btn3-container vc_btn3-left\"><button class=\"vc_general vc_btn3 vc_btn3-size-lg vc_btn3-shape-rounded vc_btn3-style-flat vc_btn3-block vc_btn3-icon-left vc_btn3-color-theme_style_1\"><i class=\"vc_btn3-icon fa fa-file-pdf-o\"><\/i> Company presentation<\/button><\/div><\/div><\/div><\/div><\/div><div class=\"vc_row wpb_row vc_row-fluid third_bg_color vc_custom_1452056597103 mpc-row\"><div class=\"wpb_column vc_column_container vc_col-sm-12 mpc-column\" data-column-id=\"mpc_column-9069f228c95875b\"><div class=\"vc_column-inner vc_custom_1452056633692\"><div class=\"wpb_wrapper\"><div class=\"vc_custom_heading vc_custom_1565584571847 text_align_left title_no_stripe\"><h4 style=\"font-size: 16px;color: #ffffff;text-align: left\" class=\"consulting-custom-title\">how can we help you?<\/h4><\/div>\n\t<div class=\"wpb_text_column wpb_content_element  vc_custom_1565584579235\">\n\t\t<div class=\"wpb_wrapper\">\n\t\t\t<p><span style=\"font-size: 13px; line-height: 22px; color: #ffffff;\">Contact us at the Consulting WP office nearest to you or submit a business inquiry online.<\/span><\/p>\n\n\t\t<\/div>\n\t<\/div>\n<div class=\"vc_btn3-container vc_btn3-inline\"><a class=\"vc_general vc_btn3 vc_btn3-size-sm vc_btn3-shape-rounded vc_btn3-style-flat vc_btn3-icon-left vc_btn3-color-white\" href=\"http:\/\/consulting.stylemixthemes.com\/demo\/contact-us\/\" title=\"\"><i class=\"vc_btn3-icon fa fa-phone-square\"><\/i> contacts<\/a><\/div><\/div><\/div><\/div><\/div><div class=\"vc_row wpb_row vc_row-fluid mpc-row\"><div class=\"wpb_column vc_column_container vc_col-sm-12 mpc-column\" data-column-id=\"mpc_column-1769f228c9598c4\"><div class=\"vc_column-inner\"><div class=\"wpb_wrapper\">\n\n            <div class=\"stm_testimonials cols_1 style_1\">\n                            <div class=\"item\">\n                    <div class=\"testimonial\"><p>\u0110i\u1ec1u khi\u1ebfn t\u00f4i \u1ea5n t\u01b0\u1ee3ng l\u00e0 kh\u1ea3 n\u0103ng \u0111\u00e1p \u1ee9ng k\u1ecbp th\u1eddi y\u00eau c\u1ea7u \u0111\u1eb7c bi\u1ec7t c\u1ee7a ch\u00fang t\u00f4i do t\u00ecnh h\u00ecnh th\u1ecb tr\u01b0\u1eddng. V\u1edbi \u0111\u1ed9i ng\u0169 m\u1ea1nh m\u1ebd, h\u1ed7 tr\u1ee3 v\u00e0 li\u00eam ch\u00ednh, T\u00edn Vi\u1ec7t c\u00f3 th\u1ec3 t\u0103ng tr\u01b0\u1edfng \u0111\u00e1ng k\u1ec3 m\u1ed7i n\u0103m.<\/p>\n<\/div>\n                    <div class=\"testimonial-info clearfix\">\n                        <div class=\"testimonial-image\"><img loading=\"lazy\" decoding=\"async\" width=\"50\" height=\"50\" src=\"https:\/\/tinvietcosmetic.com\/wp-content\/uploads\/2018\/12\/photo-1551854590-dc9c6265b1b1-50x50.jpg\" class=\"attachment-consulting-image-50x50-croped size-consulting-image-50x50-croped wp-post-image\" alt=\"\" srcset=\"https:\/\/tinvietcosmetic.com\/wp-content\/uploads\/2018\/12\/photo-1551854590-dc9c6265b1b1-50x50.jpg 50w, https:\/\/tinvietcosmetic.com\/wp-content\/uploads\/2018\/12\/photo-1551854590-dc9c6265b1b1-150x150.jpg 150w, https:\/\/tinvietcosmetic.com\/wp-content\/uploads\/2018\/12\/photo-1551854590-dc9c6265b1b1-320x320.jpg 320w, https:\/\/tinvietcosmetic.com\/wp-content\/uploads\/2018\/12\/photo-1551854590-dc9c6265b1b1-300x300.jpg 300w, https:\/\/tinvietcosmetic.com\/wp-content\/uploads\/2018\/12\/photo-1551854590-dc9c6265b1b1-100x100.jpg 100w\" sizes=\"auto, (max-width: 50px) 100vw, 50px\"><\/div>\n                        <div class=\"testimonial-text\">\n                            <div class=\"name\">LY HA LE<\/div>\n                            <div class=\"company\">\n                                SENIOR CATEGORY MANAGER , GUARDIAN VIETNAM                            <\/div>\n                        <\/div>\n                    <\/div>\n                <\/div>\n                    <\/div>\n    \n<\/div><\/div><\/div><\/div>\n<\/div>    \n<\/div><\/div><\/div><\/div><\/div><div data-vc-full-width=\"true\" data-vc-full-width-init=\"false\" class=\"vc_row wpb_row vc_row-fluid third_bg_color vc_custom_1459505959648 mpc-row\"><div class=\"wpb_column vc_column_container vc_col-sm-12 mpc-column\" data-column-id=\"mpc_column-1969f228c95b00a\"><div class=\"vc_column-inner\"><div class=\"wpb_wrapper\">\n<section class=\"vc_cta3-container\">\n    <div class=\"vc_general vc_cta3 third_bg_color vc_cta3-style-flat vc_cta3-shape-square vc_cta3-align-left vc_cta3-color-classic vc_cta3-icon-size-md vc_cta3-actions-right vc_custom_1565675963047 style=\">\n                        <div class=\"vc_cta3_content-container\">\n                                    <div class=\"vc_cta3-content\">\n                <header class=\"vc_cta3-content-header\">\n                    <div class=\"vc_custom_heading\"><h2 style=\"font-size: 20px;color: #ffffff;line-height: 24px\" class=\"consulting-custom-title\">Looking for a First-Class Business Plan Consultant?<\/h2><\/div>                                    <\/header>\n                            <\/div>\n                        <div class=\"vc_cta3-actions\"><div class=\"vc_btn3-container vc_btn3-right\"><a class=\"vc_general vc_btn3 vc_btn3-size-lg vc_btn3-shape-rounded vc_btn3-style-flat vc_btn3-icon-right vc_btn3-color-theme_style_2\" href=\"#\" title=\"\">get a quote <i class=\"vc_btn3-icon fa fa-chevron-right\"><\/i><\/a><\/div><\/div>        <\/div>\n                    <\/div>\n<\/section><\/div><\/div><\/div><\/div><div class=\"vc_row-full-width vc_clearfix\"><\/div>\n<\/div>","protected":false},"excerpt":{"rendered":"","protected":false},"author":1,"featured_media":0,"parent":6937,"menu_order":0,"comment_status":"closed","ping_status":"closed","template":"","meta":{"footnotes":""},"class_list":["post-462","page","type-page","status-publish","hentry"],"_links":{"self":[{"href":"https:\/\/tinvietcosmetic.com\/vi\/wp-json\/wp\/v2\/pages\/462","targetHints":{"allow":["GET"]}}],"collection":[{"href":"https:\/\/tinvietcosmetic.com\/vi\/wp-json\/wp\/v2\/pages"}],"about":[{"href":"https:\/\/tinvietcosmetic.com\/vi\/wp-json\/wp\/v2\/types\/page"}],"author":[{"embeddable":true,"href":"https:\/\/tinvietcosmetic.com\/vi\/wp-json\/wp\/v2\/users\/1"}],"replies":[{"embeddable":true,"href":"https:\/\/tinvietcosmetic.com\/vi\/wp-json\/wp\/v2\/comments?post=462"}],"version-history":[{"count":0,"href":"https:\/\/tinvietcosmetic.com\/vi\/wp-json\/wp\/v2\/pages\/462\/revisions"}],"up":[{"embeddable":true,"href":"https:\/\/tinvietcosmetic.com\/vi\/wp-json\/wp\/v2\/pages\/6937"}],"wp:attachment":[{"href":"https:\/\/tinvietcosmetic.com\/vi\/wp-json\/wp\/v2\/media?parent=462"}],"curies":[{"name":"wp","href":"https:\/\/api.w.org\/{rel}","templated":true}]}}