{"id":1077,"date":"2016-02-24T12:01:08","date_gmt":"2016-02-24T12:01:08","guid":{"rendered":"http:\/\/consulting.stylemixthemes.com\/?page_id=1074"},"modified":"2016-02-24T12:01:08","modified_gmt":"2016-02-24T12:01:08","slug":"layout-2","status":"publish","type":"page","link":"https:\/\/tinvietcosmetic.com\/vi\/layout-2\/","title":{"rendered":"Testimonials 2"},"content":{"rendered":"<div class=\"wpb-content-wrapper\"><div class=\"vc_row wpb_row vc_row-fluid vc_custom_1459404415716 mpc-row\"><div class=\"wpb_column vc_column_container vc_col-sm-12 mpc-column\" data-column-id=\"mpc_column-1569e11dc88e949\"><div class=\"vc_column-inner\"><div class=\"wpb_wrapper\">    <div class=\"testimonials_carousel style_1 per_row_2 disable_carousel\" id=\"partners_carousel_69e11dc88cf41\">\n        \n                            <div class=\"testimonial\">\n                                        <div class=\"image\">\n                                                    <img decoding=\"async\" class=\"\" src=\"https:\/\/tinvietcosmetic.com\/wp-content\/uploads\/2018\/12\/photo-1551854590-dc9c6265b1b1-350x350.jpg\" width=\"350\" height=\"350\" alt=\"photo-1551854590-dc9c6265b1b1\" title=\"photo-1551854590-dc9c6265b1b1\" loading=\"lazy\">                                            <\/div>\n                    <div class=\"info\">\n                        <h4 class=\"no_stripe\">\n                                                            LY HA LE                                                    <\/h4>\n                                                                                                            <div class=\"position\">SENIOR CATEGORY MANAGER <\/div>\n                                                                                        <div class=\"company\">GUARDIAN VIETNAM<\/div>\n                                                                            <p>\u0110i\u1ec1u khi\u1ebfn t\u00f4i \u1ea5n t\u01b0\u1ee3ng l\u00e0 kh\u1ea3 n\u0103ng \u0111\u00e1p \u1ee9ng k\u1ecbp th\u1eddi y\u00eau c\u1ea7u \u0111\u1eb7c bi\u1ec7t c\u1ee7a ch\u00fang t\u00f4i do t\u00ecnh h\u00ecnh th\u1ecb tr\u01b0\u1eddng. V\u1edbi \u0111\u1ed9i ng\u0169 m\u1ea1nh m\u1ebd, h\u1ed7 tr\u1ee3 v\u00e0 li\u00eam ch\u00ednh, T\u00edn Vi\u1ec7t c\u00f3 th\u1ec3 t\u0103ng tr\u01b0\u1edfng \u0111\u00e1ng k\u1ec3 m\u1ed7i n\u0103m.<\/p>\n                    <\/div>\n                <\/div>\n            \n        \n                            <div class=\"testimonial\">\n                                        <div class=\"image\">\n                                                    <img decoding=\"async\" class=\"\" src=\"https:\/\/tinvietcosmetic.com\/wp-content\/uploads\/2018\/12\/young-beauty-healthy-happy-asian-woman-with-smiley-face-isolated-white_52476-108-350x350.jpg\" width=\"350\" height=\"350\" alt=\"young-beauty-healthy-happy-asian-woman-with-smiley-face-isolated-white_52476-108\" title=\"young-beauty-healthy-happy-asian-woman-with-smiley-face-isolated-white_52476-108\" loading=\"lazy\">                                            <\/div>\n                    <div class=\"info\">\n                        <h4 class=\"no_stripe\">\n                                                            TRINH DANG NGUYEN NGOC                                                    <\/h4>\n                                                                                                            <div class=\"position\">SENIOR BUYER <\/div>\n                                                                                        <div class=\"company\">TRADING WATSONS VIETNAM<\/div>\n                                                                            <p>D\u1ecbch v\u1ee5 t\u1ed1t, th\u1eddi gian d\u1eabn giao h\u00e0ng \u0111\u00e3 \u0111\u01b0\u1ee3c cam k\u1ebft nghi\u00eam ng\u1eb7t theo ch\u00ednh s\u00e1ch c\u1ee7a ch\u00fang t\u00f4i. Ch\u00fang t\u00f4i \u0111\u00e1nh gi\u00e1 cao s\u1ef1 h\u1ed7 tr\u1ee3 c\u1ee7a T\u00edn Vi\u1ec7t trong k\u1ebf ho\u1ea1ch qu\u1ea3ng b\u00e1 h\u00e0ng th\u00e1ng c\u0169ng nh\u01b0 c\u00e1c s\u00e1ng ki\u1ebfn ti\u1ebfp th\u1ecb \u0111\u1ec3 n\u00e2ng cao tr\u1ea3i nghi\u1ec7m c\u1ee7a ng\u01b0\u1eddi ti\u00eau d\u00f9ng.<\/p>\n                    <\/div>\n                <\/div>\n            \n            <\/div>\n    <\/div><\/div><\/div><\/div><div data-vc-full-width=\"true\" data-vc-full-width-init=\"false\" class=\"vc_row wpb_row vc_row-fluid third_bg_color vc_custom_1459505959648 mpc-row\"><div class=\"wpb_column vc_column_container vc_col-sm-12 mpc-column\" data-column-id=\"mpc_column-169e11dc8917ee\"><div class=\"vc_column-inner\"><div class=\"wpb_wrapper\">\n<section class=\"vc_cta3-container\">\n    <div class=\"vc_general vc_cta3 third_bg_color vc_cta3-style-flat vc_cta3-shape-square vc_cta3-align-left vc_cta3-color-classic vc_cta3-icon-size-md vc_cta3-actions-right vc_custom_1565679443733 style=\">\n                        <div class=\"vc_cta3_content-container\">\n                                    <div class=\"vc_cta3-content\">\n                <header class=\"vc_cta3-content-header\">\n                    <div class=\"vc_custom_heading\"><h2 style=\"font-size: 20px;color: #ffffff;line-height: 24px\" class=\"consulting-custom-title\">Looking for a First-Class Business Plan Consultant?<\/h2><\/div>                                    <\/header>\n                            <\/div>\n                        <div class=\"vc_cta3-actions\"><div class=\"vc_btn3-container vc_btn3-right\"><a class=\"vc_general vc_btn3 vc_btn3-size-lg vc_btn3-shape-rounded vc_btn3-style-flat vc_btn3-icon-right vc_btn3-color-theme_style_2\" href=\"http:\/\/consulting.stylemixthemes.com\/demo\/contact-us\/\" title=\"\">get a quote <i class=\"vc_btn3-icon fa fa-chevron-right\"><\/i><\/a><\/div><\/div>        <\/div>\n                    <\/div>\n<\/section><\/div><\/div><\/div><\/div><div class=\"vc_row-full-width vc_clearfix\"><\/div>\n<\/div>","protected":false},"excerpt":{"rendered":"","protected":false},"author":1,"featured_media":0,"parent":0,"menu_order":0,"comment_status":"closed","ping_status":"closed","template":"","meta":{"footnotes":""},"class_list":["post-1077","page","type-page","status-publish","hentry"],"_links":{"self":[{"href":"https:\/\/tinvietcosmetic.com\/vi\/wp-json\/wp\/v2\/pages\/1077","targetHints":{"allow":["GET"]}}],"collection":[{"href":"https:\/\/tinvietcosmetic.com\/vi\/wp-json\/wp\/v2\/pages"}],"about":[{"href":"https:\/\/tinvietcosmetic.com\/vi\/wp-json\/wp\/v2\/types\/page"}],"author":[{"embeddable":true,"href":"https:\/\/tinvietcosmetic.com\/vi\/wp-json\/wp\/v2\/users\/1"}],"replies":[{"embeddable":true,"href":"https:\/\/tinvietcosmetic.com\/vi\/wp-json\/wp\/v2\/comments?post=1077"}],"version-history":[{"count":1,"href":"https:\/\/tinvietcosmetic.com\/vi\/wp-json\/wp\/v2\/pages\/1077\/revisions"}],"predecessor-version":[{"id":7227,"href":"https:\/\/tinvietcosmetic.com\/vi\/wp-json\/wp\/v2\/pages\/1077\/revisions\/7227"}],"wp:attachment":[{"href":"https:\/\/tinvietcosmetic.com\/vi\/wp-json\/wp\/v2\/media?parent=1077"}],"curies":[{"name":"wp","href":"https:\/\/api.w.org\/{rel}","templated":true}]}}